{"id":141,"date":"2024-04-03T20:51:32","date_gmt":"2024-04-03T23:51:32","guid":{"rendered":"https:\/\/studiomundpilates.com.br\/?page_id=141"},"modified":"2024-07-27T22:47:13","modified_gmt":"2024-07-28T01:47:13","slug":"depoimentos","status":"publish","type":"page","link":"https:\/\/studiomundpilates.com.br\/index.php\/depoimentos\/","title":{"rendered":"Depoimentos"},"content":{"rendered":"\t\t<div data-elementor-type=\"wp-page\" data-elementor-id=\"141\" class=\"elementor elementor-141\" data-elementor-post-type=\"page\">\n\t\t\t\t<div class=\"elementor-element elementor-element-73db5f9d e-con-full e-flex e-con e-parent\" data-id=\"73db5f9d\" data-element_type=\"container\" data-e-type=\"container\">\n\t\t<div class=\"elementor-element elementor-element-73e6092d e-con-full e-flex e-con e-child\" data-id=\"73e6092d\" data-element_type=\"container\" data-e-type=\"container\">\n\t\t<div class=\"elementor-element elementor-element-5b9ac128 e-con-full e-flex e-con e-child\" data-id=\"5b9ac128\" data-element_type=\"container\" data-e-type=\"container\">\n\t\t\t\t<div class=\"elementor-element elementor-element-412c8b75 elementor-widget elementor-widget-heading\" data-id=\"412c8b75\" data-element_type=\"widget\" data-e-type=\"widget\" data-widget_type=\"heading.default\">\n\t\t\t\t<div class=\"elementor-widget-container\">\n\t\t\t\t\t<h1 class=\"elementor-heading-title elementor-size-default\">Depoimentos<\/h1>\t\t\t\t<\/div>\n\t\t\t\t<\/div>\n\t\t\t\t<div class=\"elementor-element elementor-element-6d794ded elementor-widget__width-initial elementor-drop-cap-yes elementor-drop-cap-view-default elementor-invisible elementor-widget elementor-widget-text-editor\" data-id=\"6d794ded\" data-element_type=\"widget\" data-e-type=\"widget\" data-settings=\"{&quot;_animation&quot;:&quot;fadeInDown&quot;,&quot;drop_cap&quot;:&quot;yes&quot;}\" data-widget_type=\"text-editor.default\">\n\t\t\t\t<div class=\"elementor-widget-container\">\n\t\t\t\t\t\t\t\t\t<p>Abaixo os depoimentos dos alunos, podemos perceber que o Pilates \u00e9 para todos. Diferentes idades, homens e mulheres, todos se beneficiam com a pr\u00e1tica.<\/p>\t\t\t\t\t\t\t\t<\/div>\n\t\t\t\t<\/div>\n\t\t\t\t<\/div>\n\t\t\t\t<\/div>\n\t\t<div class=\"elementor-element elementor-element-2981ff7d e-con-full e-flex e-con e-child\" data-id=\"2981ff7d\" data-element_type=\"container\" data-e-type=\"container\" data-settings=\"{&quot;background_background&quot;:&quot;classic&quot;}\">\n\t\t\t\t<\/div>\n\t\t\t\t<\/div>\n\t\t<div class=\"elementor-element elementor-element-4cd591b6 e-con-full e-flex e-con e-parent\" data-id=\"4cd591b6\" data-element_type=\"container\" data-e-type=\"container\" data-settings=\"{&quot;background_background&quot;:&quot;classic&quot;}\">\n\t\t<div class=\"elementor-element elementor-element-529ec7db e-con-full e-grid e-con e-child\" data-id=\"529ec7db\" data-element_type=\"container\" data-e-type=\"container\">\n\t\t\t\t<div class=\"elementor-element elementor-element-159daf32 elementor-position-left elementor-vertical-align-top elementor-widget elementor-widget-image-box\" data-id=\"159daf32\" data-element_type=\"widget\" data-e-type=\"widget\" data-widget_type=\"image-box.default\">\n\t\t\t\t<div class=\"elementor-widget-container\">\n\t\t\t\t\t<div class=\"elementor-image-box-wrapper\"><figure class=\"elementor-image-box-img\"><img decoding=\"async\" width=\"150\" height=\"150\" src=\"https:\/\/studiomundpilates.com.br\/wp-content\/uploads\/2024\/04\/depoimento_gabriela-150x150.png\" class=\"attachment-thumbnail size-thumbnail wp-image-269\" alt=\"\" \/><\/figure><div class=\"elementor-image-box-content\"><p class=\"elementor-image-box-title\">\"Ol\u00e1 eu sou a Gabi. Sempre fui de fazer atividade f\u00edsica, j\u00e1 fiz diversas modalidades, mas nenhuma me satisfaz e traz resultados como o Pilates . Posso tentar de tudo, mas acabo sempre no Pilates, pois \u00e9 um trabalho corporal completo que traz aquela sensa\u00e7\u00e3o de dever cumprido depois de uma aula. E \u00e9 assim que saio do Studio Mund, com a sensa\u00e7\u00e3o de corpo leve por\u00e9m forte e mais consciente da minha postura e movimentos. Agrade\u00e7o a professora Val, por sempre pegar no meu p\u00e9 para me manter ativa e concentrada em cada exerc\u00edcio realizado, por incentivar cada vez mais a p\u00e1tica e a corre\u00e7\u00e3o dos v\u00edcios posturais e por \u00faltimo, por sempre me desafiar para atingir o meu m\u00e1ximo nas aulas.\"<\/p><p class=\"elementor-image-box-description\">Gabriela Teixeira<\/p><\/div><\/div>\t\t\t\t<\/div>\n\t\t\t\t<\/div>\n\t\t\t\t<div class=\"elementor-element elementor-element-81547a2 elementor-position-left elementor-vertical-align-top elementor-widget elementor-widget-image-box\" data-id=\"81547a2\" data-element_type=\"widget\" data-e-type=\"widget\" data-widget_type=\"image-box.default\">\n\t\t\t\t<div class=\"elementor-widget-container\">\n\t\t\t\t\t<div class=\"elementor-image-box-wrapper\"><figure class=\"elementor-image-box-img\"><img decoding=\"async\" width=\"150\" height=\"150\" src=\"https:\/\/studiomundpilates.com.br\/wp-content\/uploads\/2024\/04\/depoimento_rosemeire-150x150.png\" class=\"attachment-thumbnail size-thumbnail wp-image-270\" alt=\"\" \/><\/figure><div class=\"elementor-image-box-content\"><p class=\"elementor-image-box-title\">\"Sou praticante do pilates neste Studio h\u00e1 aproximadamente seis meses, e j\u00e1 consigo me beneficiar dos resultados, hoje tenho maior resist\u00eancia f\u00edsica e maior capacidade de concentra\u00e7\u00e3o, bem como tive uma melhora significativa na minha postura, n\u00e3o sinto mais dores lombares, motivo pelo qual consigo desenvolver minhas atividades di\u00e1rias com mais efici\u00eancia e satisfa\u00e7\u00e3o. Super recomendo a pratica desta atividade, o local \u00e9 bem agrad\u00e1vel e bem localizado e a professora Val super bem qualificada, e ainda realiza o seu of\u00edcio com muita dedica\u00e7\u00e3o e carinho, tanto \u00e9 assim que os resultados v\u00eam de forma r\u00e1pida.\"<\/p><p class=\"elementor-image-box-description\">Rosimeire Oliveira<\/p><\/div><\/div>\t\t\t\t<\/div>\n\t\t\t\t<\/div>\n\t\t\t\t<\/div>\n\t\t<div class=\"elementor-element elementor-element-77dc8d9 e-con-full e-grid e-con e-child\" data-id=\"77dc8d9\" data-element_type=\"container\" data-e-type=\"container\">\n\t\t\t\t<div class=\"elementor-element elementor-element-59344cf elementor-position-left elementor-vertical-align-top elementor-widget elementor-widget-image-box\" data-id=\"59344cf\" data-element_type=\"widget\" data-e-type=\"widget\" data-widget_type=\"image-box.default\">\n\t\t\t\t<div class=\"elementor-widget-container\">\n\t\t\t\t\t<div class=\"elementor-image-box-wrapper\"><figure class=\"elementor-image-box-img\"><img decoding=\"async\" width=\"150\" height=\"150\" src=\"https:\/\/studiomundpilates.com.br\/wp-content\/uploads\/2024\/04\/depoimento_michel-150x150.png\" class=\"attachment-thumbnail size-thumbnail wp-image-272\" alt=\"\" \/><\/figure><div class=\"elementor-image-box-content\"><p class=\"elementor-image-box-title\">\"Fazer Pilates melhorou minha postura e consci\u00eancia corporal, aliviando dores e desconfortos que eu sentia. O atendimento feito nas aulas \u00e9 personalizado e muito atencioso.\"<\/p><p class=\"elementor-image-box-description\">Michel Faiad<\/p><\/div><\/div>\t\t\t\t<\/div>\n\t\t\t\t<\/div>\n\t\t\t\t<div class=\"elementor-element elementor-element-f27f3fb elementor-position-left elementor-vertical-align-top elementor-widget elementor-widget-image-box\" data-id=\"f27f3fb\" data-element_type=\"widget\" data-e-type=\"widget\" data-widget_type=\"image-box.default\">\n\t\t\t\t<div class=\"elementor-widget-container\">\n\t\t\t\t\t<div class=\"elementor-image-box-wrapper\"><figure class=\"elementor-image-box-img\"><img loading=\"lazy\" decoding=\"async\" width=\"150\" height=\"150\" src=\"https:\/\/studiomundpilates.com.br\/wp-content\/uploads\/2024\/04\/depoimento_valeria-150x150.png\" class=\"attachment-thumbnail size-thumbnail wp-image-273\" alt=\"\" \/><\/figure><div class=\"elementor-image-box-content\"><p class=\"elementor-image-box-title\">\"Fa\u00e7o Pilates h\u00e1 quase uns dois anos e percebo bem a diferen\u00e7a, em v\u00e1rios aspectos. O Pilates trabalha a flexibilidade, a resist\u00eancia, coordena\u00e7\u00e3o, e diferente de outras metodologias , prioriza a postura correta, te ajuda a descondicionar o corpo (que com o passar dos anos se acomoda em posturas inadequadas). Tamb\u00e9m n\u00e3o posso deixar de parabenizar a minha professora Val, pois ela est\u00e1 sempre atenta para me corrigir e para me proporcionar novos desafios. Al\u00e9m de infinita paci\u00eancia.\"<\/p><p class=\"elementor-image-box-description\">Val\u00e9ria Caneccihio<\/p><\/div><\/div>\t\t\t\t<\/div>\n\t\t\t\t<\/div>\n\t\t\t\t<\/div>\n\t\t\t\t<\/div>\n\t\t<div class=\"elementor-element elementor-element-7dda905 e-con-full e-flex e-con e-parent\" data-id=\"7dda905\" data-element_type=\"container\" data-e-type=\"container\" data-settings=\"{&quot;background_background&quot;:&quot;classic&quot;}\">\n\t\t\t\t<div class=\"elementor-element elementor-element-9a1ac3f elementor-widget elementor-widget-text-editor\" data-id=\"9a1ac3f\" data-element_type=\"widget\" data-e-type=\"widget\" data-widget_type=\"text-editor.default\">\n\t\t\t\t<div class=\"elementor-widget-container\">\n\t\t\t\t\t\t\t\t\t<p>A maravilhosa aluna, Val\u00e9ria Caneccihio, tamb\u00e9m adora as aulas de Jazz, que consegue conciliar, devido o st\u00fadio ser dentro de uma escola de dan\u00e7a, aumentando sua praticidade. Saiba mais sobre a escola clicando aqui <a href=\"http:\/\/deptcult.com.br\/\" target=\"_blank\" rel=\"noopener\">http:\/\/deptcult.com.br\/<\/a>.<\/p><p>Os depoimentos dos alunos nos alegram, porque o nosso objetivo \u00e9 fazer a diferen\u00e7a na vida das pessoas, claro, para melhor. Neste link voc\u00ea pode conferir os registros destes alunos em <a href=\"https:\/\/studiomundpilates.com.br\/index.php\/galeria\/\">aula<\/a>.<\/p>\t\t\t\t\t\t\t\t<\/div>\n\t\t\t\t<\/div>\n\t\t\t\t<\/div>\n\t\t<div class=\"elementor-element elementor-element-8bc82e4 e-con-full e-flex e-con e-parent\" data-id=\"8bc82e4\" data-element_type=\"container\" data-e-type=\"container\" data-settings=\"{&quot;background_background&quot;:&quot;classic&quot;}\">\n\t\t\t\t<div class=\"elementor-element elementor-element-ba8c302 elementor-invisible elementor-widget elementor-widget-heading\" data-id=\"ba8c302\" data-element_type=\"widget\" data-e-type=\"widget\" data-settings=\"{&quot;_animation&quot;:&quot;fadeInUp&quot;}\" data-widget_type=\"heading.default\">\n\t\t\t\t<div class=\"elementor-widget-container\">\n\t\t\t\t\t<span class=\"elementor-heading-title elementor-size-default\">#depoimento\n<\/span>\t\t\t\t<\/div>\n\t\t\t\t<\/div>\n\t\t\t\t<\/div>\n\t\t\t\t<\/div>\n\t\t","protected":false},"excerpt":{"rendered":"<p>Depoimentos Abaixo os depoimentos dos alunos, podemos perceber que o Pilates \u00e9 para todos. Diferentes idades, homens e mulheres, todos se beneficiam com a pr\u00e1tica. &#8220;Ol\u00e1 eu sou a Gabi. Sempre fui de fazer atividade f\u00edsica, j\u00e1 fiz diversas modalidades, mas nenhuma me satisfaz e traz resultados como o Pilates . Posso tentar de tudo, [&hellip;]<\/p>\n","protected":false},"author":1,"featured_media":0,"parent":0,"menu_order":0,"comment_status":"closed","ping_status":"closed","template":"elementor_header_footer","meta":{"_joinchat":[],"footnotes":""},"class_list":["post-141","page","type-page","status-publish","hentry"],"_links":{"self":[{"href":"https:\/\/studiomundpilates.com.br\/index.php\/wp-json\/wp\/v2\/pages\/141","targetHints":{"allow":["GET"]}}],"collection":[{"href":"https:\/\/studiomundpilates.com.br\/index.php\/wp-json\/wp\/v2\/pages"}],"about":[{"href":"https:\/\/studiomundpilates.com.br\/index.php\/wp-json\/wp\/v2\/types\/page"}],"author":[{"embeddable":true,"href":"https:\/\/studiomundpilates.com.br\/index.php\/wp-json\/wp\/v2\/users\/1"}],"replies":[{"embeddable":true,"href":"https:\/\/studiomundpilates.com.br\/index.php\/wp-json\/wp\/v2\/comments?post=141"}],"version-history":[{"count":169,"href":"https:\/\/studiomundpilates.com.br\/index.php\/wp-json\/wp\/v2\/pages\/141\/revisions"}],"predecessor-version":[{"id":1583,"href":"https:\/\/studiomundpilates.com.br\/index.php\/wp-json\/wp\/v2\/pages\/141\/revisions\/1583"}],"wp:attachment":[{"href":"https:\/\/studiomundpilates.com.br\/index.php\/wp-json\/wp\/v2\/media?parent=141"}],"curies":[{"name":"wp","href":"https:\/\/api.w.org\/{rel}","templated":true}]}}