{"id":205,"date":"2024-04-04T21:42:22","date_gmt":"2024-04-05T00:42:22","guid":{"rendered":"https:\/\/studiomundpilates.com.br\/?page_id=205"},"modified":"2024-08-13T20:27:04","modified_gmt":"2024-08-13T23:27:04","slug":"planos-e-parceria","status":"publish","type":"page","link":"https:\/\/studiomundpilates.com.br\/index.php\/planos-e-parceria\/","title":{"rendered":"Planos e Parceria"},"content":{"rendered":"\t\t<div data-elementor-type=\"wp-page\" data-elementor-id=\"205\" class=\"elementor elementor-205\" data-elementor-post-type=\"page\">\n\t\t\t\t<div class=\"elementor-element elementor-element-8f687e9 e-con-full e-flex e-con e-parent\" data-id=\"8f687e9\" data-element_type=\"container\" data-e-type=\"container\">\n\t\t<div class=\"elementor-element elementor-element-1fb4932e e-con-full e-flex e-con e-child\" data-id=\"1fb4932e\" data-element_type=\"container\" data-e-type=\"container\">\n\t\t<div class=\"elementor-element elementor-element-75b29f3d e-con-full e-flex e-con e-child\" data-id=\"75b29f3d\" data-element_type=\"container\" data-e-type=\"container\">\n\t\t\t\t<div class=\"elementor-element elementor-element-405b687f elementor-widget elementor-widget-heading\" data-id=\"405b687f\" data-element_type=\"widget\" data-e-type=\"widget\" data-widget_type=\"heading.default\">\n\t\t\t\t<div class=\"elementor-widget-container\">\n\t\t\t\t\t<h1 class=\"elementor-heading-title elementor-size-default\">Planos e Parceria<\/h1>\t\t\t\t<\/div>\n\t\t\t\t<\/div>\n\t\t\t\t<div class=\"elementor-element elementor-element-27559355 elementor-widget__width-inherit elementor-drop-cap-yes elementor-drop-cap-view-default elementor-invisible elementor-widget elementor-widget-text-editor\" data-id=\"27559355\" data-element_type=\"widget\" data-e-type=\"widget\" data-settings=\"{&quot;_animation&quot;:&quot;fadeInDown&quot;,&quot;drop_cap&quot;:&quot;yes&quot;}\" data-widget_type=\"text-editor.default\">\n\t\t\t\t<div class=\"elementor-widget-container\">\n\t\t\t\t\t\t\t\t\t<p>Descrevemos, valores de aula e parceiros, iniciando pelos plano. Atendemos 3 alunos por hor\u00e1rio e oferecemos planos mensal, trimestral, semestral e anual, para, uma, duas e tr\u00eas vezes na semana, e temos tamb\u00e9m aulas avulsas. A m\u00e9dia de valores \u00e9 de R$380,00 a R$196,00 nos planos.<\/p><ul><li>H\u00e1 a possibilidade tamb\u00e9m para aulas em duplas e Particular\/Personal.<\/li><\/ul>\t\t\t\t\t\t\t\t<\/div>\n\t\t\t\t<\/div>\n\t\t\t\t<\/div>\n\t\t\t\t<\/div>\n\t\t<div class=\"elementor-element elementor-element-955a8f9 e-con-full e-flex e-con e-child\" data-id=\"955a8f9\" data-element_type=\"container\" data-e-type=\"container\" data-settings=\"{&quot;background_background&quot;:&quot;classic&quot;}\">\n\t\t\t\t<\/div>\n\t\t\t\t<\/div>\n\t\t<div class=\"elementor-element elementor-element-e3b1df8 e-con-full e-flex e-con e-parent\" data-id=\"e3b1df8\" data-element_type=\"container\" data-e-type=\"container\" data-settings=\"{&quot;background_background&quot;:&quot;classic&quot;}\">\n\t\t\t\t<div class=\"elementor-element elementor-element-f4f1aff elementor-widget elementor-widget-text-editor\" data-id=\"f4f1aff\" data-element_type=\"widget\" data-e-type=\"widget\" data-widget_type=\"text-editor.default\">\n\t\t\t\t<div class=\"elementor-widget-container\">\n\t\t\t\t\t\t\t\t\t<p><strong>Parceiros<\/strong><\/p><p>Nossos clientes t\u00eam vantagens oferecidas pelos parceiros, vejam quais e quem s\u00e3o:<\/p><ul><li><strong>Forever Living Products<\/strong> \u2013 Linha natural de Sa\u00fade e Beleza. Composto principalmente de Aloe Vera, quantidade acima de 50% at\u00e9 100%. Adquirir com 10% de desconto com a distribuidora <strong>Maria Silva<\/strong>. Contato <a href=\"tel:+5511959952320\">(11) 95995-2320<\/a><\/li><\/ul>\t\t\t\t\t\t\t\t<\/div>\n\t\t\t\t<\/div>\n\t\t\t\t<div class=\"elementor-element elementor-element-c16bb9d elementor-widget elementor-widget-image\" data-id=\"c16bb9d\" data-element_type=\"widget\" data-e-type=\"widget\" data-widget_type=\"image.default\">\n\t\t\t\t<div class=\"elementor-widget-container\">\n\t\t\t\t\t\t\t\t\t\t\t\t\t\t\t\t<a href=\"https:\/\/www.instagram.com\/aguiatopforever\" target=\"_blank\">\n\t\t\t\t\t\t\t<img fetchpriority=\"high\" decoding=\"async\" width=\"236\" height=\"300\" src=\"https:\/\/studiomundpilates.com.br\/wp-content\/uploads\/2024\/05\/forever-236x300.png\" class=\"attachment-medium size-medium wp-image-686\" alt=\"\" srcset=\"https:\/\/studiomundpilates.com.br\/wp-content\/uploads\/2024\/05\/forever-236x300.png 236w, https:\/\/studiomundpilates.com.br\/wp-content\/uploads\/2024\/05\/forever-806x1024.png 806w, https:\/\/studiomundpilates.com.br\/wp-content\/uploads\/2024\/05\/forever-768x976.png 768w, https:\/\/studiomundpilates.com.br\/wp-content\/uploads\/2024\/05\/forever-1209x1536.png 1209w, https:\/\/studiomundpilates.com.br\/wp-content\/uploads\/2024\/05\/forever.png 1371w\" sizes=\"(max-width: 236px) 100vw, 236px\" \/>\t\t\t\t\t\t\t\t<\/a>\n\t\t\t\t\t\t\t\t\t\t\t\t\t\t\t<\/div>\n\t\t\t\t<\/div>\n\t\t\t\t<div class=\"elementor-element elementor-element-acebb26 elementor-widget elementor-widget-text-editor\" data-id=\"acebb26\" data-element_type=\"widget\" data-e-type=\"widget\" data-widget_type=\"text-editor.default\">\n\t\t\t\t<div class=\"elementor-widget-container\">\n\t\t\t\t\t\t\t\t\tVoc\u00ea conheceu os nossos valores de aula e parceiros, para saber mais detalhes, entre em contato no\u00a0<svg xmlns=\"http:\/\/www.w3.org\/2000\/svg\" viewBox=\"0 0 20 20\" xml:space=\"preserve\" width=\"20\" height=\"20\"><path style=\"fill:#2cb742\" d=\"m0 20 1.72 -5.16A9.776 9.776 0 0 1 0.345 9.828C0.345 4.4 4.745 0 10.172 0S20 4.4 20 9.828s-4.4 9.828 -9.828 9.828A9.79 9.79 0 0 1 5.6 18.527z\"\/><path style=\"fill:#fff\" d=\"M16.442 13.098c-0.454 -0.858 -2.127 -1.838 -2.127 -1.838 -0.379 -0.216 -0.836 -0.24 -1.051 0.145 0 0 -0.544 0.652 -0.682 0.746 -0.632 0.428 -1.217 0.411 -1.808 -0.179l-1.373 -1.373 -1.373 -1.373c-0.591 -0.591 -0.607 -1.176 -0.179 -1.808 0.094 -0.138 0.746 -0.682 0.746 -0.682 0.385 -0.216 0.361 -0.673 0.145 -1.051 0 0 -0.981 -1.673 -1.838 -2.127a0.941 0.941 0 0 0 -1.105 0.166l-0.606 0.606c-1.923 1.923 -0.976 4.094 0.947 6.017l1.758 1.758 1.758 1.758c1.923 1.923 4.094 2.87 6.017 0.947l0.606 -0.606a0.941 0.941 0 0 0 0.166 -1.105\"\/><\/svg><a href=\"https:\/\/api.whatsapp.com\/send\/?phone=5511(11) 94945-6351&amp;text&amp;type=phone_number\" target=\"_blank\" rel=\"noopener\"> (11) 94945-6351 (WhatsApp)<\/a> . Ser\u00e1 um prazer atend\u00ea-lo.\t\t\t\t\t\t\t\t<\/div>\n\t\t\t\t<\/div>\n\t\t\t\t<\/div>\n\t\t<div class=\"elementor-element elementor-element-4827a38 e-con-full e-flex e-con e-parent\" data-id=\"4827a38\" data-element_type=\"container\" data-e-type=\"container\" data-settings=\"{&quot;background_background&quot;:&quot;classic&quot;}\">\n\t\t\t\t<div class=\"elementor-element elementor-element-aac1207 elementor-invisible elementor-widget elementor-widget-heading\" data-id=\"aac1207\" data-element_type=\"widget\" data-e-type=\"widget\" data-settings=\"{&quot;_animation&quot;:&quot;fadeInUp&quot;}\" data-widget_type=\"heading.default\">\n\t\t\t\t<div class=\"elementor-widget-container\">\n\t\t\t\t\t<span class=\"elementor-heading-title elementor-size-default\">#planos\n<\/span>\t\t\t\t<\/div>\n\t\t\t\t<\/div>\n\t\t\t\t<\/div>\n\t\t\t\t<\/div>\n\t\t","protected":false},"excerpt":{"rendered":"<p>Planos e Parceria Descrevemos, valores de aula e parceiros, iniciando pelos plano. Atendemos 3 alunos por hor\u00e1rio e oferecemos planos mensal, trimestral, semestral e anual, para, uma, duas e tr\u00eas vezes na semana, e temos tamb\u00e9m aulas avulsas. A m\u00e9dia de valores \u00e9 de R$380,00 a R$196,00 nos planos. H\u00e1 a possibilidade tamb\u00e9m para aulas [&hellip;]<\/p>\n","protected":false},"author":1,"featured_media":0,"parent":0,"menu_order":0,"comment_status":"closed","ping_status":"closed","template":"elementor_header_footer","meta":{"_joinchat":[],"footnotes":""},"class_list":["post-205","page","type-page","status-publish","hentry"],"_links":{"self":[{"href":"https:\/\/studiomundpilates.com.br\/index.php\/wp-json\/wp\/v2\/pages\/205","targetHints":{"allow":["GET"]}}],"collection":[{"href":"https:\/\/studiomundpilates.com.br\/index.php\/wp-json\/wp\/v2\/pages"}],"about":[{"href":"https:\/\/studiomundpilates.com.br\/index.php\/wp-json\/wp\/v2\/types\/page"}],"author":[{"embeddable":true,"href":"https:\/\/studiomundpilates.com.br\/index.php\/wp-json\/wp\/v2\/users\/1"}],"replies":[{"embeddable":true,"href":"https:\/\/studiomundpilates.com.br\/index.php\/wp-json\/wp\/v2\/comments?post=205"}],"version-history":[{"count":113,"href":"https:\/\/studiomundpilates.com.br\/index.php\/wp-json\/wp\/v2\/pages\/205\/revisions"}],"predecessor-version":[{"id":1681,"href":"https:\/\/studiomundpilates.com.br\/index.php\/wp-json\/wp\/v2\/pages\/205\/revisions\/1681"}],"wp:attachment":[{"href":"https:\/\/studiomundpilates.com.br\/index.php\/wp-json\/wp\/v2\/media?parent=205"}],"curies":[{"name":"wp","href":"https:\/\/api.w.org\/{rel}","templated":true}]}}