{"id":213,"date":"2024-04-04T21:31:10","date_gmt":"2024-04-05T00:31:10","guid":{"rendered":"https:\/\/studiomundpilates.com.br\/?page_id=213"},"modified":"2024-07-29T20:45:30","modified_gmt":"2024-07-29T23:45:30","slug":"pilates-online","status":"publish","type":"page","link":"https:\/\/studiomundpilates.com.br\/index.php\/pilates-online\/","title":{"rendered":"Pilates Online"},"content":{"rendered":"\t\t<div data-elementor-type=\"wp-page\" data-elementor-id=\"213\" class=\"elementor elementor-213\" data-elementor-post-type=\"page\">\n\t\t\t\t<div class=\"elementor-element elementor-element-6ad4fbb6 e-con-full e-flex e-con e-parent\" data-id=\"6ad4fbb6\" data-element_type=\"container\" data-e-type=\"container\">\n\t\t<div class=\"elementor-element elementor-element-37f023a4 e-con-full e-flex e-con e-child\" data-id=\"37f023a4\" data-element_type=\"container\" data-e-type=\"container\">\n\t\t<div class=\"elementor-element elementor-element-101095e9 e-con-full e-flex e-con e-child\" data-id=\"101095e9\" data-element_type=\"container\" data-e-type=\"container\">\n\t\t\t\t<div class=\"elementor-element elementor-element-e6ccc7 elementor-widget-tablet__width-inherit elementor-widget elementor-widget-heading\" data-id=\"e6ccc7\" data-element_type=\"widget\" data-e-type=\"widget\" data-widget_type=\"heading.default\">\n\t\t\t\t<div class=\"elementor-widget-container\">\n\t\t\t\t\t<h1 class=\"elementor-heading-title elementor-size-default\">Pilates Online<\/h1>\t\t\t\t<\/div>\n\t\t\t\t<\/div>\n\t\t\t\t<div class=\"elementor-element elementor-element-68197a78 elementor-widget__width-inherit elementor-drop-cap-yes elementor-drop-cap-view-default elementor-invisible elementor-widget elementor-widget-text-editor\" data-id=\"68197a78\" data-element_type=\"widget\" data-e-type=\"widget\" data-settings=\"{&quot;_animation&quot;:&quot;fadeInDown&quot;,&quot;drop_cap&quot;:&quot;yes&quot;}\" data-widget_type=\"text-editor.default\">\n\t\t\t\t<div class=\"elementor-widget-container\">\n\t\t\t\t\t\t\t\t\t<p class=\"jus\">O Pilates online com orienta\u00e7\u00e3o ao vivo, surgiu no momento da quarentena, onde era a \u00fanica op\u00e7\u00e3o de dar continuidade ao atendimento. No entanto, a aceita\u00e7\u00e3o foi bem satisfat\u00f3ria. Assim, ampliamos as op\u00e7\u00f5es de atendimento incluindo o Pilates online. Sabe-se que cada pessoa tem uma pr\u00f3pria realidade, pode ser que seja dif\u00edcil conciliar agenda do trabalho, do cuidar dos filhos, com sair para fazer as aulas.<\/p><p class=\"jus\">Com isso o Pilates online com orienta\u00e7\u00e3o ao vivo, torna-se poss\u00edvel neste casos. Atingindo um maior n\u00famero de pessoas que podem se beneficiar com a pr\u00e1tica. Contemplando o Pilates para todos.<\/p>\t\t\t\t\t\t\t\t<\/div>\n\t\t\t\t<\/div>\n\t\t\t\t<\/div>\n\t\t\t\t<\/div>\n\t\t<div class=\"elementor-element elementor-element-26321969 e-con-full e-flex e-con e-child\" data-id=\"26321969\" data-element_type=\"container\" data-e-type=\"container\" data-settings=\"{&quot;background_background&quot;:&quot;classic&quot;}\">\n\t\t\t\t<\/div>\n\t\t\t\t<\/div>\n\t\t<div class=\"elementor-element elementor-element-16f31a6 e-con-full e-flex e-con e-parent\" data-id=\"16f31a6\" data-element_type=\"container\" data-e-type=\"container\" data-settings=\"{&quot;background_background&quot;:&quot;classic&quot;}\">\n\t\t\t\t<div class=\"elementor-element elementor-element-d69cab9 elementor-widget elementor-widget-heading\" data-id=\"d69cab9\" data-element_type=\"widget\" data-e-type=\"widget\" data-widget_type=\"heading.default\">\n\t\t\t\t<div class=\"elementor-widget-container\">\n\t\t\t\t\t<h2 class=\"elementor-heading-title elementor-size-default\">Quem pode fazer pilates Online?<\/h2>\t\t\t\t<\/div>\n\t\t\t\t<\/div>\n\t\t\t\t<div class=\"elementor-element elementor-element-abb6a65 elementor-widget elementor-widget-text-editor\" data-id=\"abb6a65\" data-element_type=\"widget\" data-e-type=\"widget\" data-widget_type=\"text-editor.default\">\n\t\t\t\t<div class=\"elementor-widget-container\">\n\t\t\t\t\t\t\t\t\t<p>O p\u00fablico \u00e9 o mesmo do pilates presencial, todas as pessoas. Cabe ao profissional que ir\u00e1 atender se adequar a necessidade que o meio online apresenta. E assim fazer as orienta\u00e7\u00f5es, corre\u00e7\u00f5es, toda a comunica\u00e7\u00e3o adaptada para a melhor compreens\u00e3o do aluno. Bem como, \u00e9 de suma import\u00e2ncia que o profissional seja bem qualificado, para prescrever o treino adequado para cada aluno, e aplicar com boa \u00eanfase a forma de transmitir as informa\u00e7\u00f5es. Com isso, mesmo que o aluno apresente alguma les\u00e3o e dor, ele fa\u00e7a a aula com toda seguran\u00e7a. Em alguns casos, alunos debilitados, \u00e9 indicado um atendimento individual, para garantir esta seguran\u00e7a.<\/p>\t\t\t\t\t\t\t\t<\/div>\n\t\t\t\t<\/div>\n\t\t<div class=\"elementor-element elementor-element-bf18095 e-grid e-con-boxed e-con e-child\" data-id=\"bf18095\" data-element_type=\"container\" data-e-type=\"container\">\n\t\t\t\t\t<div class=\"e-con-inner\">\n\t\t\t\t<div class=\"elementor-element elementor-element-5694da1 elementor-widget elementor-widget-image\" data-id=\"5694da1\" data-element_type=\"widget\" data-e-type=\"widget\" data-widget_type=\"image.default\">\n\t\t\t\t<div class=\"elementor-widget-container\">\n\t\t\t\t\t\t\t\t\t\t\t\t\t\t\t<img fetchpriority=\"high\" decoding=\"async\" width=\"720\" height=\"695\" src=\"https:\/\/studiomundpilates.com.br\/wp-content\/uploads\/2024\/04\/depoimento-whats.jpg\" class=\"attachment-large size-large wp-image-215\" alt=\"depoimento de aluna\" srcset=\"https:\/\/studiomundpilates.com.br\/wp-content\/uploads\/2024\/04\/depoimento-whats.jpg 720w, https:\/\/studiomundpilates.com.br\/wp-content\/uploads\/2024\/04\/depoimento-whats-300x290.jpg 300w\" sizes=\"(max-width: 720px) 100vw, 720px\" \/>\t\t\t\t\t\t\t\t\t\t\t\t\t\t\t<\/div>\n\t\t\t\t<\/div>\n\t\t\t\t<div class=\"elementor-element elementor-element-f8d8494 elementor-widget elementor-widget-image\" data-id=\"f8d8494\" data-element_type=\"widget\" data-e-type=\"widget\" data-widget_type=\"image.default\">\n\t\t\t\t<div class=\"elementor-widget-container\">\n\t\t\t\t\t\t\t\t\t\t\t\t\t\t\t<img decoding=\"async\" width=\"720\" height=\"693\" src=\"https:\/\/studiomundpilates.com.br\/wp-content\/uploads\/2024\/05\/depoimento-Vall-e-Marta.jpg\" class=\"attachment-large size-large wp-image-697\" alt=\"\" srcset=\"https:\/\/studiomundpilates.com.br\/wp-content\/uploads\/2024\/05\/depoimento-Vall-e-Marta.jpg 720w, https:\/\/studiomundpilates.com.br\/wp-content\/uploads\/2024\/05\/depoimento-Vall-e-Marta-300x289.jpg 300w\" sizes=\"(max-width: 720px) 100vw, 720px\" \/>\t\t\t\t\t\t\t\t\t\t\t\t\t\t\t<\/div>\n\t\t\t\t<\/div>\n\t\t\t\t\t<\/div>\n\t\t\t\t<\/div>\n\t\t\t\t<\/div>\n\t\t<div class=\"elementor-element elementor-element-0215424 e-con-full e-flex e-con e-parent\" data-id=\"0215424\" data-element_type=\"container\" data-e-type=\"container\" data-settings=\"{&quot;background_background&quot;:&quot;classic&quot;}\">\n\t\t<div class=\"elementor-element elementor-element-f765a65 e-con-full e-flex e-con e-child\" data-id=\"f765a65\" data-element_type=\"container\" data-e-type=\"container\">\n\t\t\t\t<div class=\"elementor-element elementor-element-4b3c73a elementor-align-center elementor-widget elementor-widget-button\" data-id=\"4b3c73a\" data-element_type=\"widget\" data-e-type=\"widget\" data-widget_type=\"button.default\">\n\t\t\t\t<div class=\"elementor-widget-container\">\n\t\t\t\t\t\t\t\t\t<div class=\"elementor-button-wrapper\">\n\t\t\t\t\t<a class=\"elementor-button elementor-button-link elementor-size-sm elementor-animation-grow\" href=\"https:\/\/api.whatsapp.com\/send\/?phone=5511(11)%2094945-6351&#038;text&#038;type=phone_number\" target=\"_blank\">\n\t\t\t\t\t\t<span class=\"elementor-button-content-wrapper\">\n\t\t\t\t\t\t<span class=\"elementor-button-icon\">\n\t\t\t\t<svg aria-hidden=\"true\" class=\"e-font-icon-svg e-fab-whatsapp\" viewBox=\"0 0 448 512\" xmlns=\"http:\/\/www.w3.org\/2000\/svg\"><path d=\"M380.9 97.1C339 55.1 283.2 32 223.9 32c-122.4 0-222 99.6-222 222 0 39.1 10.2 77.3 29.6 111L0 480l117.7-30.9c32.4 17.7 68.9 27 106.1 27h.1c122.3 0 224.1-99.6 224.1-222 0-59.3-25.2-115-67.1-157zm-157 341.6c-33.2 0-65.7-8.9-94-25.7l-6.7-4-69.8 18.3L72 359.2l-4.4-7c-18.5-29.4-28.2-63.3-28.2-98.2 0-101.7 82.8-184.5 184.6-184.5 49.3 0 95.6 19.2 130.4 54.1 34.8 34.9 56.2 81.2 56.1 130.5 0 101.8-84.9 184.6-186.6 184.6zm101.2-138.2c-5.5-2.8-32.8-16.2-37.9-18-5.1-1.9-8.8-2.8-12.5 2.8-3.7 5.6-14.3 18-17.6 21.8-3.2 3.7-6.5 4.2-12 1.4-32.6-16.3-54-29.1-75.5-66-5.7-9.8 5.7-9.1 16.3-30.3 1.8-3.7.9-6.9-.5-9.7-1.4-2.8-12.5-30.1-17.1-41.2-4.5-10.8-9.1-9.3-12.5-9.5-3.2-.2-6.9-.2-10.6-.2-3.7 0-9.7 1.4-14.8 6.9-5.1 5.6-19.4 19-19.4 46.3 0 27.3 19.9 53.7 22.6 57.4 2.8 3.7 39.1 59.7 94.8 83.8 35.2 15.2 49 16.5 66.6 13.9 10.7-1.6 32.8-13.4 37.4-26.4 4.6-13 4.6-24.1 3.2-26.4-1.3-2.5-5-3.9-10.5-6.6z\"><\/path><\/svg>\t\t\t<\/span>\n\t\t\t\t\t\t\t\t\t<span class=\"elementor-button-text\">Agende uma Sess\u00e3o<\/span>\n\t\t\t\t\t<\/span>\n\t\t\t\t\t<\/a>\n\t\t\t\t<\/div>\n\t\t\t\t\t\t\t\t<\/div>\n\t\t\t\t<\/div>\n\t\t\t\t<\/div>\n\t\t\t\t<\/div>\n\t\t<div class=\"elementor-element elementor-element-09a0116 e-con-full e-flex e-con e-parent\" data-id=\"09a0116\" data-element_type=\"container\" data-e-type=\"container\" data-settings=\"{&quot;background_background&quot;:&quot;classic&quot;}\">\n\t\t\t\t<div class=\"elementor-element elementor-element-e028aca elementor-invisible elementor-widget elementor-widget-heading\" data-id=\"e028aca\" data-element_type=\"widget\" data-e-type=\"widget\" data-settings=\"{&quot;_animation&quot;:&quot;fadeInUp&quot;}\" data-widget_type=\"heading.default\">\n\t\t\t\t<div class=\"elementor-widget-container\">\n\t\t\t\t\t<span class=\"elementor-heading-title elementor-size-default\">#pilates online\n<\/span>\t\t\t\t<\/div>\n\t\t\t\t<\/div>\n\t\t\t\t<\/div>\n\t\t\t\t<\/div>\n\t\t","protected":false},"excerpt":{"rendered":"<p>Pilates Online O Pilates online com orienta\u00e7\u00e3o ao vivo, surgiu no momento da quarentena, onde era a \u00fanica op\u00e7\u00e3o de dar continuidade ao atendimento. No entanto, a aceita\u00e7\u00e3o foi bem satisfat\u00f3ria. Assim, ampliamos as op\u00e7\u00f5es de atendimento incluindo o Pilates online. Sabe-se que cada pessoa tem uma pr\u00f3pria realidade, pode ser que seja dif\u00edcil conciliar [&hellip;]<\/p>\n","protected":false},"author":1,"featured_media":0,"parent":0,"menu_order":0,"comment_status":"closed","ping_status":"closed","template":"elementor_header_footer","meta":{"_joinchat":[],"footnotes":""},"class_list":["post-213","page","type-page","status-publish","hentry"],"_links":{"self":[{"href":"https:\/\/studiomundpilates.com.br\/index.php\/wp-json\/wp\/v2\/pages\/213","targetHints":{"allow":["GET"]}}],"collection":[{"href":"https:\/\/studiomundpilates.com.br\/index.php\/wp-json\/wp\/v2\/pages"}],"about":[{"href":"https:\/\/studiomundpilates.com.br\/index.php\/wp-json\/wp\/v2\/types\/page"}],"author":[{"embeddable":true,"href":"https:\/\/studiomundpilates.com.br\/index.php\/wp-json\/wp\/v2\/users\/1"}],"replies":[{"embeddable":true,"href":"https:\/\/studiomundpilates.com.br\/index.php\/wp-json\/wp\/v2\/comments?post=213"}],"version-history":[{"count":49,"href":"https:\/\/studiomundpilates.com.br\/index.php\/wp-json\/wp\/v2\/pages\/213\/revisions"}],"predecessor-version":[{"id":1613,"href":"https:\/\/studiomundpilates.com.br\/index.php\/wp-json\/wp\/v2\/pages\/213\/revisions\/1613"}],"wp:attachment":[{"href":"https:\/\/studiomundpilates.com.br\/index.php\/wp-json\/wp\/v2\/media?parent=213"}],"curies":[{"name":"wp","href":"https:\/\/api.w.org\/{rel}","templated":true}]}}