{"id":219,"date":"2024-04-04T21:36:26","date_gmt":"2024-04-05T00:36:26","guid":{"rendered":"https:\/\/studiomundpilates.com.br\/?page_id=219"},"modified":"2024-08-13T20:46:58","modified_gmt":"2024-08-13T23:46:58","slug":"diferencial","status":"publish","type":"page","link":"https:\/\/studiomundpilates.com.br\/index.php\/diferencial\/","title":{"rendered":"Diferencial"},"content":{"rendered":"\t\t<div data-elementor-type=\"wp-page\" data-elementor-id=\"219\" class=\"elementor elementor-219\" data-elementor-post-type=\"page\">\n\t\t\t\t<div class=\"elementor-element elementor-element-b31ea07 e-con-full e-flex e-con e-parent\" data-id=\"b31ea07\" data-element_type=\"container\" data-e-type=\"container\">\n\t\t<div class=\"elementor-element elementor-element-335685c4 e-con-full e-flex e-con e-child\" data-id=\"335685c4\" data-element_type=\"container\" data-e-type=\"container\">\n\t\t<div class=\"elementor-element elementor-element-10d63017 e-con-full e-flex e-con e-child\" data-id=\"10d63017\" data-element_type=\"container\" data-e-type=\"container\">\n\t\t\t\t<div class=\"elementor-element elementor-element-2c0f8115 elementor-widget elementor-widget-heading\" data-id=\"2c0f8115\" data-element_type=\"widget\" data-e-type=\"widget\" data-widget_type=\"heading.default\">\n\t\t\t\t<div class=\"elementor-widget-container\">\n\t\t\t\t\t<h1 class=\"elementor-heading-title elementor-size-default\">Diferencial<\/h1>\t\t\t\t<\/div>\n\t\t\t\t<\/div>\n\t\t\t\t<div class=\"elementor-element elementor-element-7fd94332 elementor-widget__width-inherit elementor-drop-cap-yes elementor-drop-cap-view-default elementor-invisible elementor-widget elementor-widget-text-editor\" data-id=\"7fd94332\" data-element_type=\"widget\" data-e-type=\"widget\" data-settings=\"{&quot;_animation&quot;:&quot;fadeInDown&quot;,&quot;drop_cap&quot;:&quot;yes&quot;}\" data-widget_type=\"text-editor.default\">\n\t\t\t\t<div class=\"elementor-widget-container\">\n\t\t\t\t\t\t\t\t\t<p>A seguran\u00e7a \u00e9 um diferencial do nosso st\u00fadio de Pilates e est\u00e1 em primeiro lugar ao se planejar uma aula, assim redobramos a aten\u00e7\u00e3o quanto ao exerc\u00edcio proposto, e o profissional mant\u00e9m-se pr\u00f3ximo do aluno durante todo tempo, fazendo as devidas corre\u00e7\u00f5es e orienta\u00e7\u00f5es. Como tamb\u00e9m a manuten\u00e7\u00e3o dos aparelhos s\u00e3o realizadas com frequ\u00eancia.<\/p><p>As aulas de Pilates no st\u00fadio atende at\u00e9 tr\u00eas alunos. Onde os aparelhos foram logisticamente posicionados para que a visibilidade de todos os alunos aconte\u00e7a de maneira eficiente, possibilitando assim uma melhor orienta\u00e7\u00e3o para todos.<\/p><p>Prescri\u00e7\u00e3o de treino diferenciado, focado no objetivo individual de cada aluno. Seja ele de condicionamento f\u00edsico, defini\u00e7\u00e3o muscular, corre\u00e7\u00e3o postural, recupera\u00e7\u00e3o p\u00f3s les\u00e3o, ganho de flexibilidade, aprimoramento de alguma t\u00e9cnica do movimento, entre outros. Neste <a href=\"https:\/\/studiomundpilates.com.br\/index.php\/2024\/06\/05\/pilates-porque-praticar-e-seus-beneficios\/\">link<\/a> voc\u00ea pode ler mais sobre cada objetivo.<\/p><p>A educa\u00e7\u00e3o para o movimento estende-se al\u00e9m do momento da aula. As orienta\u00e7\u00f5es, dicas e corre\u00e7\u00f5es de como melhor se movimentar durante o trabalho, nas atividades di\u00e1rias, nas determinadas patologias\u00a0 (ex. h\u00e9rnia de disco, cervicalgia, tendinites, etc.) S\u00e3o dadas com \u00eanfase, acreditando ser de suma import\u00e2ncia, para a otimiza\u00e7\u00e3o dos resultados e melhor conhecimento do pr\u00f3prio corpo. Este \u00e9 um diferencial do nosso St\u00fadio de Pilates que enfatizamos bastante.<\/p>\t\t\t\t\t\t\t\t<\/div>\n\t\t\t\t<\/div>\n\t\t\t\t<\/div>\n\t\t\t\t<\/div>\n\t\t<div class=\"elementor-element elementor-element-195aaba2 e-con-full e-flex e-con e-child\" data-id=\"195aaba2\" data-element_type=\"container\" data-e-type=\"container\" data-settings=\"{&quot;background_background&quot;:&quot;classic&quot;}\">\n\t\t\t\t<\/div>\n\t\t\t\t<\/div>\n\t\t<div class=\"elementor-element elementor-element-a570e71 e-con-full e-flex e-con e-parent\" data-id=\"a570e71\" data-element_type=\"container\" data-e-type=\"container\" data-settings=\"{&quot;background_background&quot;:&quot;classic&quot;}\">\n\t\t\t\t<div class=\"elementor-element elementor-element-02a454d elementor-widget elementor-widget-text-editor\" data-id=\"02a454d\" data-element_type=\"widget\" data-e-type=\"widget\" data-widget_type=\"text-editor.default\">\n\t\t\t\t<div class=\"elementor-widget-container\">\n\t\t\t\t\t\t\t\t\t<p><span style=\"color: var( --e-global-color-text ); font-family: var( --e-global-typography-text-font-family ), Sans-serif; font-size: var( --e-global-typography-text-font-size ); font-style: var( --e-global-typography-text-font-style ); font-weight: var( --e-global-typography-text-font-weight ); letter-spacing: var( --e-global-typography-text-letter-spacing ); text-transform: var( --e-global-typography-text-text-transform ); word-spacing: var( --e-global-typography-text-word-spacing ); background-color: var( --e-global-color-9670681 );\">A avalia\u00e7\u00e3o postural \u00e9 feita periodicamente, para que os treinos sejam adequados e mais eficientes em cada caso. Assim possibilita acompanhar a progress\u00e3o e as tomadas de decis\u00f5es futuras adequando ao novo resultado apresentado na avalia\u00e7\u00e3o.<\/span><\/p><p>Respeitamos o hor\u00e1rio de cada aluno, que tem durabilidade de 55 min. O treino \u00e9 pr\u00e9-definido antes, com possibilidade de adapta\u00e7\u00f5es se necess\u00e1rias no momento da aula, para que haja um \u00f3timo rendimento e aproveitamento do tempo.<\/p><p>A busca por um determinado objetivo, faz com que trabalha-se em conjunto o professor e aluno. Acreditamos que este trabalho precisa ser respeitoso e prazeroso. Por isso nos atentamos a manter um ambiente agrad\u00e1vel, de amizades, e alegre, sem perder o foco nos objetivos.<\/p>\t\t\t\t\t\t\t\t<\/div>\n\t\t\t\t<\/div>\n\t\t\t\t<div class=\"elementor-element elementor-element-246049b elementor-widget elementor-widget-image\" data-id=\"246049b\" data-element_type=\"widget\" data-e-type=\"widget\" data-widget_type=\"image.default\">\n\t\t\t\t<div class=\"elementor-widget-container\">\n\t\t\t\t\t\t\t\t\t\t\t\t\t\t\t<img fetchpriority=\"high\" decoding=\"async\" width=\"800\" height=\"600\" src=\"https:\/\/studiomundpilates.com.br\/wp-content\/uploads\/2024\/04\/diferencial-studio.jpg\" class=\"attachment-large size-large wp-image-345\" alt=\"\" srcset=\"https:\/\/studiomundpilates.com.br\/wp-content\/uploads\/2024\/04\/diferencial-studio.jpg 1024w, https:\/\/studiomundpilates.com.br\/wp-content\/uploads\/2024\/04\/diferencial-studio-300x225.jpg 300w, https:\/\/studiomundpilates.com.br\/wp-content\/uploads\/2024\/04\/diferencial-studio-768x576.jpg 768w\" sizes=\"(max-width: 800px) 100vw, 800px\" \/>\t\t\t\t\t\t\t\t\t\t\t\t\t\t\t<\/div>\n\t\t\t\t<\/div>\n\t\t\t\t<div class=\"elementor-element elementor-element-9594231 elementor-invisible elementor-widget elementor-widget-heading\" data-id=\"9594231\" data-element_type=\"widget\" data-e-type=\"widget\" data-settings=\"{&quot;_animation&quot;:&quot;fadeInUp&quot;}\" data-widget_type=\"heading.default\">\n\t\t\t\t<div class=\"elementor-widget-container\">\n\t\t\t\t\t<span class=\"elementor-heading-title elementor-size-default\">#diferencial<\/span>\t\t\t\t<\/div>\n\t\t\t\t<\/div>\n\t\t\t\t<\/div>\n\t\t\t\t<\/div>\n\t\t","protected":false},"excerpt":{"rendered":"<p>Diferencial A seguran\u00e7a \u00e9 um diferencial do nosso st\u00fadio de Pilates e est\u00e1 em primeiro lugar ao se planejar uma aula, assim redobramos a aten\u00e7\u00e3o quanto ao exerc\u00edcio proposto, e o profissional mant\u00e9m-se pr\u00f3ximo do aluno durante todo tempo, fazendo as devidas corre\u00e7\u00f5es e orienta\u00e7\u00f5es. Como tamb\u00e9m a manuten\u00e7\u00e3o dos aparelhos s\u00e3o realizadas com frequ\u00eancia. [&hellip;]<\/p>\n","protected":false},"author":1,"featured_media":0,"parent":0,"menu_order":0,"comment_status":"closed","ping_status":"closed","template":"elementor_header_footer","meta":{"_joinchat":[],"footnotes":""},"class_list":["post-219","page","type-page","status-publish","hentry"],"_links":{"self":[{"href":"https:\/\/studiomundpilates.com.br\/index.php\/wp-json\/wp\/v2\/pages\/219","targetHints":{"allow":["GET"]}}],"collection":[{"href":"https:\/\/studiomundpilates.com.br\/index.php\/wp-json\/wp\/v2\/pages"}],"about":[{"href":"https:\/\/studiomundpilates.com.br\/index.php\/wp-json\/wp\/v2\/types\/page"}],"author":[{"embeddable":true,"href":"https:\/\/studiomundpilates.com.br\/index.php\/wp-json\/wp\/v2\/users\/1"}],"replies":[{"embeddable":true,"href":"https:\/\/studiomundpilates.com.br\/index.php\/wp-json\/wp\/v2\/comments?post=219"}],"version-history":[{"count":241,"href":"https:\/\/studiomundpilates.com.br\/index.php\/wp-json\/wp\/v2\/pages\/219\/revisions"}],"predecessor-version":[{"id":1692,"href":"https:\/\/studiomundpilates.com.br\/index.php\/wp-json\/wp\/v2\/pages\/219\/revisions\/1692"}],"wp:attachment":[{"href":"https:\/\/studiomundpilates.com.br\/index.php\/wp-json\/wp\/v2\/media?parent=219"}],"curies":[{"name":"wp","href":"https:\/\/api.w.org\/{rel}","templated":true}]}}